{"id":17,"date":"2023-10-24T13:30:28","date_gmt":"2023-10-24T13:30:28","guid":{"rendered":"https:\/\/botezamina.restaurantmonarh.ro\/?page_id=17"},"modified":"2026-04-07T10:06:32","modified_gmt":"2026-04-07T10:06:32","slug":"acasa","status":"publish","type":"page","link":"https:\/\/carla-si-serban.restaurantmonarh.ro\/","title":{"rendered":"Acasa"},"content":{"rendered":"\t\t<div data-elementor-type=\"wp-page\" data-elementor-id=\"17\" class=\"elementor elementor-17\" data-elementor-post-type=\"page\">\n\t\t\t\t\t\t<section class=\"elementor-section elementor-top-section elementor-element elementor-element-451bedb3 elementor-section-height-min-height elementor-section-boxed elementor-section-height-default elementor-section-items-middle\" data-id=\"451bedb3\" data-element_type=\"section\" data-e-type=\"section\" data-settings=\"{&quot;background_background&quot;:&quot;classic&quot;}\">\n\t\t\t\t\t\t\t<div class=\"elementor-background-overlay\"><\/div>\n\t\t\t\t\t\t\t<div class=\"elementor-container elementor-column-gap-default\">\n\t\t\t\t\t<div class=\"elementor-column elementor-col-100 elementor-top-column elementor-element elementor-element-4ff14c6\" data-id=\"4ff14c6\" data-element_type=\"column\" data-e-type=\"column\">\n\t\t\t<div class=\"elementor-widget-wrap elementor-element-populated\">\n\t\t\t\t\t\t<div class=\"elementor-element elementor-element-6b78405 elementor-countdown--label-block elementor-widget elementor-widget-countdown\" data-id=\"6b78405\" data-element_type=\"widget\" data-e-type=\"widget\" data-widget_type=\"countdown.default\">\n\t\t\t\t<div class=\"elementor-widget-container\">\n\t\t\t\t\t\t\t<div class=\"elementor-countdown-wrapper\" data-date=\"1792249200\">\n\t\t\t<div class=\"elementor-countdown-item\"><span class=\"elementor-countdown-digits elementor-countdown-days\"><\/span> <span class=\"elementor-countdown-label\">Days<\/span><\/div><div class=\"elementor-countdown-item\"><span class=\"elementor-countdown-digits elementor-countdown-hours\"><\/span> <span class=\"elementor-countdown-label\">Hours<\/span><\/div><div class=\"elementor-countdown-item\"><span class=\"elementor-countdown-digits elementor-countdown-minutes\"><\/span> <span class=\"elementor-countdown-label\">Minutes<\/span><\/div><div class=\"elementor-countdown-item\"><span class=\"elementor-countdown-digits elementor-countdown-seconds\"><\/span> <span class=\"elementor-countdown-label\">Seconds<\/span><\/div>\t\t<\/div>\n\t\t\t\t\t\t<\/div>\n\t\t\t\t<\/div>\n\t\t\t\t<div class=\"elementor-element elementor-element-391ecee elementor-widget elementor-widget-heading\" data-id=\"391ecee\" data-element_type=\"widget\" data-e-type=\"widget\" data-widget_type=\"heading.default\">\n\t\t\t\t<div class=\"elementor-widget-container\">\n\t\t\t\t\t<h2 class=\"elementor-heading-title elementor-size-default\"> 17 octombrie 2026<\/h2>\t\t\t\t<\/div>\n\t\t\t\t<\/div>\n\t\t\t\t<div class=\"elementor-element elementor-element-70eeb2ee elementor-invisible elementor-widget elementor-widget-elementskit-heading\" data-id=\"70eeb2ee\" data-element_type=\"widget\" data-e-type=\"widget\" data-settings=\"{&quot;_animation&quot;:&quot;fadeInUp&quot;}\" data-widget_type=\"elementskit-heading.default\">\n\t\t\t\t<div class=\"elementor-widget-container\">\n\t\t\t\t\t<div class=\"ekit-wid-con\" ><div class=\"ekit-heading elementskit-section-title-wraper text_center   ekit_heading_tablet-   ekit_heading_mobile-\"><div class=\"ekit_heading_separetor_wraper ekit_heading_ekit_border_custom\"><div class=\"ekit_border_custom\"><img decoding=\"async\" width=\"76\" height=\"56\" src=\"https:\/\/carla-si-serban.restaurantmonarh.ro\/wp-content\/uploads\/2023\/10\/section-title-flower.png\" class=\"attachment-full size-full wp-image-20\" alt=\"\" \/><\/div><\/div><h3 class=\"elementskit-section-subtitle  \">\n\t\t\t\t\t\tNunta\n\t\t\t\t\t<\/h3><h1 class=\"ekit-heading--title elementskit-section-title \">Carla &amp; \u0218erban <\/h1>\t\t\t\t<div class='ekit-heading__description'>\n\t\t\t\t\t<p>Va invitam sa participati la unul dintre cele mai importante evenimente din viata noastra!<\/p>\n\t\t\t\t<\/div>\n\t\t\t<\/div><\/div>\t\t\t\t<\/div>\n\t\t\t\t<\/div>\n\t\t\t\t\t<\/div>\n\t\t<\/div>\n\t\t\t\t\t<\/div>\n\t\t<\/section>\n\t\t\t\t<section class=\"elementor-section elementor-top-section elementor-element elementor-element-678b0dcf elementor-section-boxed elementor-section-height-default elementor-section-height-default\" data-id=\"678b0dcf\" data-element_type=\"section\" data-e-type=\"section\">\n\t\t\t\t\t\t<div class=\"elementor-container elementor-column-gap-default\">\n\t\t\t\t\t<div class=\"elementor-column elementor-col-50 elementor-top-column elementor-element elementor-element-e2a74c\" data-id=\"e2a74c\" data-element_type=\"column\" data-e-type=\"column\">\n\t\t\t<div class=\"elementor-widget-wrap elementor-element-populated\">\n\t\t\t\t\t\t<div class=\"elementor-element elementor-element-60fb8cea elementor-invisible elementor-widget elementor-widget-image\" data-id=\"60fb8cea\" data-element_type=\"widget\" data-e-type=\"widget\" data-settings=\"{&quot;_animation&quot;:&quot;fadeInUp&quot;}\" data-widget_type=\"image.default\">\n\t\t\t\t<div class=\"elementor-widget-container\">\n\t\t\t\t\t\t\t\t\t\t\t\t\t\t\t<img fetchpriority=\"high\" decoding=\"async\" width=\"1600\" height=\"1200\" src=\"https:\/\/carla-si-serban.restaurantmonarh.ro\/wp-content\/uploads\/2026\/04\/WhatsApp-Image-2026-03-10-at-15.30.52-2.jpeg\" class=\"attachment-full size-full wp-image-237\" alt=\"\" srcset=\"https:\/\/carla-si-serban.restaurantmonarh.ro\/wp-content\/uploads\/2026\/04\/WhatsApp-Image-2026-03-10-at-15.30.52-2.jpeg 1600w, https:\/\/carla-si-serban.restaurantmonarh.ro\/wp-content\/uploads\/2026\/04\/WhatsApp-Image-2026-03-10-at-15.30.52-2-300x225.jpeg 300w, https:\/\/carla-si-serban.restaurantmonarh.ro\/wp-content\/uploads\/2026\/04\/WhatsApp-Image-2026-03-10-at-15.30.52-2-1024x768.jpeg 1024w, https:\/\/carla-si-serban.restaurantmonarh.ro\/wp-content\/uploads\/2026\/04\/WhatsApp-Image-2026-03-10-at-15.30.52-2-768x576.jpeg 768w, https:\/\/carla-si-serban.restaurantmonarh.ro\/wp-content\/uploads\/2026\/04\/WhatsApp-Image-2026-03-10-at-15.30.52-2-1536x1152.jpeg 1536w\" sizes=\"(max-width: 1600px) 100vw, 1600px\" \/>\t\t\t\t\t\t\t\t\t\t\t\t\t\t\t<\/div>\n\t\t\t\t<\/div>\n\t\t\t\t\t<\/div>\n\t\t<\/div>\n\t\t\t\t<div class=\"elementor-column elementor-col-50 elementor-top-column elementor-element elementor-element-7257cc67\" data-id=\"7257cc67\" data-element_type=\"column\" data-e-type=\"column\">\n\t\t\t<div class=\"elementor-widget-wrap elementor-element-populated\">\n\t\t\t\t\t\t<div class=\"elementor-element elementor-element-7894dc10 elementor-invisible elementor-widget elementor-widget-elementskit-heading\" data-id=\"7894dc10\" data-element_type=\"widget\" data-e-type=\"widget\" id=\"poveste\" data-settings=\"{&quot;_animation&quot;:&quot;fadeInUp&quot;}\" data-widget_type=\"elementskit-heading.default\">\n\t\t\t\t<div class=\"elementor-widget-container\">\n\t\t\t\t\t<div class=\"ekit-wid-con\" ><div class=\"ekit-heading elementskit-section-title-wraper text_left   ekit_heading_tablet-   ekit_heading_mobile-text_center\"><div class=\"ekit_heading_separetor_wraper ekit_heading_ekit_border_custom\"><div class=\"ekit_border_custom\"><img decoding=\"async\" width=\"76\" height=\"56\" src=\"https:\/\/carla-si-serban.restaurantmonarh.ro\/wp-content\/uploads\/2023\/10\/section-title-flower.png\" class=\"attachment-full size-full wp-image-20\" alt=\"\" \/><\/div><\/div><h3 class=\"elementskit-section-subtitle  \">\n\t\t\t\t\t\tCarla &amp; \u0218erban \n\t\t\t\t\t<\/h3><h2 class=\"ekit-heading--title elementskit-section-title \">Povestea Noastra<\/h2><\/div><\/div>\t\t\t\t<\/div>\n\t\t\t\t<\/div>\n\t\t\t\t<section class=\"elementor-section elementor-inner-section elementor-element elementor-element-3c41832c elementor-section-boxed elementor-section-height-default elementor-section-height-default\" data-id=\"3c41832c\" data-element_type=\"section\" data-e-type=\"section\">\n\t\t\t\t\t\t<div class=\"elementor-container elementor-column-gap-no\">\n\t\t\t\t\t<div class=\"elementor-column elementor-col-100 elementor-inner-column elementor-element elementor-element-41282ebd\" data-id=\"41282ebd\" data-element_type=\"column\" data-e-type=\"column\">\n\t\t\t<div class=\"elementor-widget-wrap elementor-element-populated\">\n\t\t\t\t\t\t<div class=\"elementor-element elementor-element-6a26ef3 elementor-invisible elementor-widget elementor-widget-text-editor\" data-id=\"6a26ef3\" data-element_type=\"widget\" data-e-type=\"widget\" data-settings=\"{&quot;_animation&quot;:&quot;fadeInUp&quot;}\" data-widget_type=\"text-editor.default\">\n\t\t\t\t<div class=\"elementor-widget-container\">\n\t\t\t\t\t\t\t\t\t<p>A fost odat\u0103 ca niciodat\u0103\u2026<br \/>Exist\u0103 pove\u0219ti care tr\u0103iesc doar \u00een c\u0103r\u021bi. \u0218i exist\u0103 pove\u0219ti care prind via\u021b\u0103.<br \/>\u00centr-o zi de prim\u0103var\u0103, dou\u0103 destine s-au \u00eent\u00e2lnit \u0219i au descoperit c\u0103 magia nu apar\u021bine doar basmelor.<br \/>Cu fiecare zi, capitol dup\u0103 capitol, Carla \u0219i \u0218erban au scris \u00eempreun\u0103 \u00eenceputul unei pove\u0219ti care merit\u0103 spus mai departe.<br \/>V\u0103 invit\u0103m s\u0103 fi\u021bi martori la acest moment \u0219i s\u0103 p\u0103\u0219i\u021bi al\u0103turi de noi \u00eentr-o sear\u0103 de poveste, un bal unde iubirea are propria ei magie. <\/p>\t\t\t\t\t\t\t\t<\/div>\n\t\t\t\t<\/div>\n\t\t\t\t\t<\/div>\n\t\t<\/div>\n\t\t\t\t\t<\/div>\n\t\t<\/section>\n\t\t\t\t\t<\/div>\n\t\t<\/div>\n\t\t\t\t\t<\/div>\n\t\t<\/section>\n\t\t\t\t<section class=\"elementor-section elementor-top-section elementor-element elementor-element-264501a elementor-section-boxed elementor-section-height-default elementor-section-height-default\" data-id=\"264501a\" data-element_type=\"section\" data-e-type=\"section\" data-settings=\"{&quot;background_background&quot;:&quot;classic&quot;}\">\n\t\t\t\t\t\t<div class=\"elementor-container elementor-column-gap-default\">\n\t\t\t\t\t<div class=\"elementor-column elementor-col-100 elementor-top-column elementor-element elementor-element-b397607\" data-id=\"b397607\" data-element_type=\"column\" data-e-type=\"column\">\n\t\t\t<div class=\"elementor-widget-wrap elementor-element-populated\">\n\t\t\t\t\t\t<div class=\"elementor-element elementor-element-31823e4 elementor-invisible elementor-widget elementor-widget-text-editor\" data-id=\"31823e4\" data-element_type=\"widget\" data-e-type=\"widget\" data-settings=\"{&quot;_animation&quot;:&quot;fadeInUp&quot;}\" data-widget_type=\"text-editor.default\">\n\t\t\t\t<div class=\"elementor-widget-container\">\n\t\t\t\t\t\t\t\t\t\u0218i, dintre toate locurile \u00een care am fost \u0219i vom merge, cel mai frumos r\u0103m\u00e2ne cel \u00een care suntem unul l\u00e2ng\u0103 cel\u0103lalt.\t\t\t\t\t\t\t\t<\/div>\n\t\t\t\t<\/div>\n\t\t\t\t<div class=\"elementor-element elementor-element-78c041d elementor-invisible elementor-widget elementor-widget-elementskit-heading\" data-id=\"78c041d\" data-element_type=\"widget\" data-e-type=\"widget\" data-settings=\"{&quot;_animation&quot;:&quot;fadeInUp&quot;}\" data-widget_type=\"elementskit-heading.default\">\n\t\t\t\t<div class=\"elementor-widget-container\">\n\t\t\t\t\t<div class=\"ekit-wid-con\" ><div class=\"ekit-heading elementskit-section-title-wraper text_center   ekit_heading_tablet-   ekit_heading_mobile-\"><div class=\"ekit_heading_separetor_wraper ekit_heading_ekit_border_custom\"><div class=\"ekit_border_custom\"><img decoding=\"async\" width=\"76\" height=\"56\" src=\"https:\/\/carla-si-serban.restaurantmonarh.ro\/wp-content\/uploads\/2023\/10\/section-title-flower.png\" class=\"attachment-full size-full wp-image-20\" alt=\"\" \/><\/div><\/div><h3 class=\"elementskit-section-subtitle  \">\n\t\t\t\t\t\tCand si unde?\n\t\t\t\t\t<\/h3><h2 class=\"ekit-heading--title elementskit-section-title \">Program<\/h2><\/div><\/div>\t\t\t\t<\/div>\n\t\t\t\t<\/div>\n\t\t<div class=\"elementor-element elementor-element-c2eef86 e-flex e-con-boxed e-con e-parent\" data-id=\"c2eef86\" data-element_type=\"container\" data-e-type=\"container\">\n\t\t\t\t\t<div class=\"e-con-inner\">\n\t\t<div class=\"elementor-element elementor-element-bdea3f3 e-flex e-con-boxed e-con e-child\" data-id=\"bdea3f3\" data-element_type=\"container\" data-e-type=\"container\">\n\t\t\t\t\t<div class=\"e-con-inner\">\n\t\t\t\t<div class=\"elementor-element elementor-element-5be2253 elementor-invisible elementor-widget elementor-widget-heading\" data-id=\"5be2253\" data-element_type=\"widget\" data-e-type=\"widget\" data-settings=\"{&quot;_animation&quot;:&quot;fadeInUp&quot;}\" data-widget_type=\"heading.default\">\n\t\t\t\t<div class=\"elementor-widget-container\">\n\t\t\t\t\t<h2 class=\"elementor-heading-title elementor-size-default\">Biserica Sf Spiridon Nou, \n<br><br><\/h2>\t\t\t\t<\/div>\n\t\t\t\t<\/div>\n\t\t\t\t<div class=\"elementor-element elementor-element-35f2b6b elementor-invisible elementor-widget elementor-widget-heading\" data-id=\"35f2b6b\" data-element_type=\"widget\" data-e-type=\"widget\" data-settings=\"{&quot;_animation&quot;:&quot;fadeInUp&quot;}\" data-widget_type=\"heading.default\">\n\t\t\t\t<div class=\"elementor-widget-container\">\n\t\t\t\t\t<h2 class=\"elementor-heading-title elementor-size-default\">Ora 16:00 <\/h2>\t\t\t\t<\/div>\n\t\t\t\t<\/div>\n\t\t\t\t<div class=\"elementor-element elementor-element-1fe0451 elementor-widget elementor-widget-google_maps\" data-id=\"1fe0451\" data-element_type=\"widget\" data-e-type=\"widget\" data-widget_type=\"google_maps.default\">\n\t\t\t\t<div class=\"elementor-widget-container\">\n\t\t\t\t\t\t\t<div class=\"elementor-custom-embed\">\n\t\t\t<iframe loading=\"lazy\"\n\t\t\t\t\tsrc=\"https:\/\/maps.google.com\/maps?q=Biserica%20Sf%20Spiridon%20Nou&#038;t=m&#038;z=12&#038;output=embed&#038;iwloc=near\"\n\t\t\t\t\ttitle=\"Biserica Sf Spiridon Nou\"\n\t\t\t\t\taria-label=\"Biserica Sf Spiridon Nou\"\n\t\t\t><\/iframe>\n\t\t<\/div>\n\t\t\t\t\t\t<\/div>\n\t\t\t\t<\/div>\n\t\t\t\t\t<\/div>\n\t\t\t\t<\/div>\n\t\t<div class=\"elementor-element elementor-element-d1f2493 e-flex e-con-boxed e-con e-child\" data-id=\"d1f2493\" data-element_type=\"container\" data-e-type=\"container\">\n\t\t\t\t\t<div class=\"e-con-inner\">\n\t\t\t\t<div class=\"elementor-element elementor-element-6bb117d elementor-invisible elementor-widget elementor-widget-heading\" data-id=\"6bb117d\" data-element_type=\"widget\" data-e-type=\"widget\" data-settings=\"{&quot;_animation&quot;:&quot;fadeInUp&quot;}\" data-widget_type=\"heading.default\">\n\t\t\t\t<div class=\"elementor-widget-container\">\n\t\t\t\t\t<h2 class=\"elementor-heading-title elementor-size-default\">Metropolitan Events, salonul Portofino,<\/h2>\t\t\t\t<\/div>\n\t\t\t\t<\/div>\n\t\t\t\t<div class=\"elementor-element elementor-element-5bc744e elementor-invisible elementor-widget elementor-widget-heading\" data-id=\"5bc744e\" data-element_type=\"widget\" data-e-type=\"widget\" data-settings=\"{&quot;_animation&quot;:&quot;fadeInUp&quot;}\" data-widget_type=\"heading.default\">\n\t\t\t\t<div class=\"elementor-widget-container\">\n\t\t\t\t\t<h2 class=\"elementor-heading-title elementor-size-default\">Ora 19:30 <\/h2>\t\t\t\t<\/div>\n\t\t\t\t<\/div>\n\t\t\t\t<div class=\"elementor-element elementor-element-76665d9 elementor-widget elementor-widget-google_maps\" data-id=\"76665d9\" data-element_type=\"widget\" data-e-type=\"widget\" data-widget_type=\"google_maps.default\">\n\t\t\t\t<div class=\"elementor-widget-container\">\n\t\t\t\t\t\t\t<div class=\"elementor-custom-embed\">\n\t\t\t<iframe loading=\"lazy\"\n\t\t\t\t\tsrc=\"https:\/\/maps.google.com\/maps?q=Restaurant%20Metropolitan%20by%20Monarh%2C%20salon%20Manhattan%2C%20Pipera&#038;t=m&#038;z=12&#038;output=embed&#038;iwloc=near\"\n\t\t\t\t\ttitle=\"Restaurant Metropolitan by Monarh, salon Manhattan, Pipera\"\n\t\t\t\t\taria-label=\"Restaurant Metropolitan by Monarh, salon Manhattan, Pipera\"\n\t\t\t><\/iframe>\n\t\t<\/div>\n\t\t\t\t\t\t<\/div>\n\t\t\t\t<\/div>\n\t\t\t\t\t<\/div>\n\t\t\t\t<\/div>\n\t\t\t\t\t<\/div>\n\t\t\t\t<\/div>\n\t\t\t\t\t<\/div>\n\t\t<\/div>\n\t\t\t\t\t<\/div>\n\t\t<\/section>\n\t\t\t\t<section class=\"elementor-section elementor-top-section elementor-element elementor-element-87196f1 elementor-section-boxed elementor-section-height-default elementor-section-height-default\" data-id=\"87196f1\" data-element_type=\"section\" data-e-type=\"section\" data-settings=\"{&quot;background_background&quot;:&quot;classic&quot;}\">\n\t\t\t\t\t\t\t<div class=\"elementor-background-overlay\"><\/div>\n\t\t\t\t\t\t\t<div class=\"elementor-container elementor-column-gap-default\">\n\t\t\t\t\t<div class=\"elementor-column elementor-col-100 elementor-top-column elementor-element elementor-element-1ae31232\" data-id=\"1ae31232\" data-element_type=\"column\" data-e-type=\"column\">\n\t\t\t<div class=\"elementor-widget-wrap elementor-element-populated\">\n\t\t\t\t\t\t<div class=\"elementor-element elementor-element-713659f1 elementor-invisible elementor-widget elementor-widget-image\" data-id=\"713659f1\" data-element_type=\"widget\" data-e-type=\"widget\" data-settings=\"{&quot;_animation&quot;:&quot;fadeInUp&quot;}\" data-widget_type=\"image.default\">\n\t\t\t\t<div class=\"elementor-widget-container\">\n\t\t\t\t\t\t\t\t\t\t\t\t\t\t\t<img decoding=\"async\" width=\"76\" height=\"56\" src=\"https:\/\/carla-si-serban.restaurantmonarh.ro\/wp-content\/uploads\/2023\/10\/section-title-flower.png\" class=\"attachment-large size-large wp-image-20\" alt=\"\" \/>\t\t\t\t\t\t\t\t\t\t\t\t\t\t\t<\/div>\n\t\t\t\t<\/div>\n\t\t\t\t<div class=\"elementor-element elementor-element-21caf11f elementor-invisible elementor-widget elementor-widget-heading\" data-id=\"21caf11f\" data-element_type=\"widget\" data-e-type=\"widget\" data-settings=\"{&quot;_animation&quot;:&quot;fadeInUp&quot;}\" data-widget_type=\"heading.default\">\n\t\t\t\t<div class=\"elementor-widget-container\">\n\t\t\t\t\t<h2 class=\"elementor-heading-title elementor-size-default\">Mai multe informatii la telefon:\n<\/h2>\t\t\t\t<\/div>\n\t\t\t\t<\/div>\n\t\t\t\t<div class=\"elementor-element elementor-element-489bb43f elementor-align-center elementor-invisible elementor-widget elementor-widget-button\" data-id=\"489bb43f\" data-element_type=\"widget\" data-e-type=\"widget\" data-settings=\"{&quot;_animation&quot;:&quot;fadeInUp&quot;}\" data-widget_type=\"button.default\">\n\t\t\t\t<div class=\"elementor-widget-container\">\n\t\t\t\t\t\t\t\t\t<div class=\"elementor-button-wrapper\">\n\t\t\t\t\t<a class=\"elementor-button elementor-button-link elementor-size-sm elementor-animation-grow\" href=\"tel:0720018832\">\n\t\t\t\t\t\t<span class=\"elementor-button-content-wrapper\">\n\t\t\t\t\t\t<span class=\"elementor-button-icon\">\n\t\t\t\t<i aria-hidden=\"true\" class=\"icon icon-clipboard11\"><\/i>\t\t\t<\/span>\n\t\t\t\t\t\t\t\t\t<span class=\"elementor-button-text\">0720018832<\/span>\n\t\t\t\t\t<\/span>\n\t\t\t\t\t<\/a>\n\t\t\t\t<\/div>\n\t\t\t\t\t\t\t\t<\/div>\n\t\t\t\t<\/div>\n\t\t\t\t<div class=\"elementor-element elementor-element-f4298aa elementor-align-center elementor-invisible elementor-widget elementor-widget-button\" data-id=\"f4298aa\" data-element_type=\"widget\" data-e-type=\"widget\" data-settings=\"{&quot;_animation&quot;:&quot;fadeInUp&quot;}\" data-widget_type=\"button.default\">\n\t\t\t\t<div class=\"elementor-widget-container\">\n\t\t\t\t\t\t\t\t\t<div class=\"elementor-button-wrapper\">\n\t\t\t\t\t<a class=\"elementor-button elementor-button-link elementor-size-sm elementor-animation-grow\" href=\"tel:0737624394\">\n\t\t\t\t\t\t<span class=\"elementor-button-content-wrapper\">\n\t\t\t\t\t\t<span class=\"elementor-button-icon\">\n\t\t\t\t<i aria-hidden=\"true\" class=\"icon icon-clipboard11\"><\/i>\t\t\t<\/span>\n\t\t\t\t\t\t\t\t\t<span class=\"elementor-button-text\">0737624394<\/span>\n\t\t\t\t\t<\/span>\n\t\t\t\t\t<\/a>\n\t\t\t\t<\/div>\n\t\t\t\t\t\t\t\t<\/div>\n\t\t\t\t<\/div>\n\t\t\t\t\t<\/div>\n\t\t<\/div>\n\t\t\t\t\t<\/div>\n\t\t<\/section>\n\t\t<div class=\"elementor-element elementor-element-c877507 e-flex e-con-boxed e-con e-parent\" data-id=\"c877507\" data-element_type=\"container\" data-e-type=\"container\" data-settings=\"{&quot;background_background&quot;:&quot;classic&quot;}\">\n\t\t\t\t\t<div class=\"e-con-inner\">\n\t\t\t\t<div class=\"elementor-element elementor-element-75e7bf0 elementor-widget elementor-widget-text-editor\" data-id=\"75e7bf0\" data-element_type=\"widget\" data-e-type=\"widget\" data-widget_type=\"text-editor.default\">\n\t\t\t\t<div class=\"elementor-widget-container\">\n\t\t\t\t\t\t\t\t\t<p><span style=\"color: #000000;\">Website oferit de<strong><a style=\"color: #000000;\" href=\"https:\/\/nuntageorgianasiradu.restaurantmonarh.ro\/\"> <span style=\"text-decoration: underline;\">Casa Anke<\/span> <\/a><\/strong>si\u00a0<strong><a style=\"color: #000000;\" href=\"https:\/\/nuntageorgianasiradu.restaurantmonarh.ro\/\"><span style=\"text-decoration: underline;\">Restaurant Monarh<\/span>\u00a0<\/a><\/strong><\/span><\/p>\t\t\t\t\t\t\t\t<\/div>\n\t\t\t\t<\/div>\n\t\t<div class=\"elementor-element elementor-element-13a8755 e-con-full e-flex e-con e-child\" data-id=\"13a8755\" data-element_type=\"container\" data-e-type=\"container\">\n\t\t\t\t<div class=\"elementor-element elementor-element-adb0419 elementor-widget__width-auto elementor-widget elementor-widget-image\" data-id=\"adb0419\" data-element_type=\"widget\" data-e-type=\"widget\" data-widget_type=\"image.default\">\n\t\t\t\t<div class=\"elementor-widget-container\">\n\t\t\t\t\t\t\t\t\t\t\t\t\t\t\t\t<a href=\"http:\/\/restaurantmonarh.ro\" target=\"_blank\">\n\t\t\t\t\t\t\t<img loading=\"lazy\" decoding=\"async\" width=\"669\" height=\"191\" src=\"https:\/\/carla-si-serban.restaurantmonarh.ro\/wp-content\/uploads\/2023\/11\/8be81839-fb07-40ee-9c9a-9bfa4b45bd97.png\" class=\"attachment-full size-full wp-image-116\" alt=\"\" srcset=\"https:\/\/carla-si-serban.restaurantmonarh.ro\/wp-content\/uploads\/2023\/11\/8be81839-fb07-40ee-9c9a-9bfa4b45bd97.png 669w, https:\/\/carla-si-serban.restaurantmonarh.ro\/wp-content\/uploads\/2023\/11\/8be81839-fb07-40ee-9c9a-9bfa4b45bd97-300x86.png 300w\" sizes=\"(max-width: 669px) 100vw, 669px\" \/>\t\t\t\t\t\t\t\t<\/a>\n\t\t\t\t\t\t\t\t\t\t\t\t\t\t\t<\/div>\n\t\t\t\t<\/div>\n\t\t\t\t<div class=\"elementor-element elementor-element-c40ae4f elementor-widget__width-auto elementor-widget elementor-widget-image\" data-id=\"c40ae4f\" data-element_type=\"widget\" data-e-type=\"widget\" data-widget_type=\"image.default\">\n\t\t\t\t<div class=\"elementor-widget-container\">\n\t\t\t\t\t\t\t\t\t\t\t\t\t\t\t\t<a href=\"http:\/\/casaanke.ro\" target=\"_blank\">\n\t\t\t\t\t\t\t<img loading=\"lazy\" decoding=\"async\" width=\"150\" height=\"66\" src=\"https:\/\/carla-si-serban.restaurantmonarh.ro\/wp-content\/uploads\/2023\/11\/logo-casa-anke-bun-e1686579669531-2.jpg\" class=\"attachment-large size-large wp-image-117\" alt=\"\" \/>\t\t\t\t\t\t\t\t<\/a>\n\t\t\t\t\t\t\t\t\t\t\t\t\t\t\t<\/div>\n\t\t\t\t<\/div>\n\t\t\t\t<\/div>\n\t\t\t\t\t<\/div>\n\t\t\t\t<\/div>\n\t\t<div class=\"elementor-element elementor-element-34bc2be e-flex e-con-boxed e-con e-parent\" data-id=\"34bc2be\" data-element_type=\"container\" data-e-type=\"container\" data-settings=\"{&quot;background_background&quot;:&quot;classic&quot;,&quot;sticky&quot;:&quot;bottom&quot;,&quot;sticky_on&quot;:[&quot;desktop&quot;,&quot;tablet&quot;,&quot;mobile&quot;],&quot;sticky_offset&quot;:0,&quot;sticky_effects_offset&quot;:0,&quot;sticky_anchor_link_offset&quot;:0}\">\n\t\t\t\t\t<div class=\"e-con-inner\">\n\t\t\t\t<div class=\"elementor-element elementor-element-d9d316a elementor-align-center elementor-invisible elementor-widget elementor-widget-button\" data-id=\"d9d316a\" data-element_type=\"widget\" data-e-type=\"widget\" data-settings=\"{&quot;_animation&quot;:&quot;fadeInUp&quot;}\" data-widget_type=\"button.default\">\n\t\t\t\t<div class=\"elementor-widget-container\">\n\t\t\t\t\t\t\t\t\t<div class=\"elementor-button-wrapper\">\n\t\t\t\t\t<a class=\"elementor-button elementor-button-link elementor-size-sm elementor-animation-grow\" href=\"https:\/\/restaurantmonarh.ro\/contact\/\">\n\t\t\t\t\t\t<span class=\"elementor-button-content-wrapper\">\n\t\t\t\t\t\t<span class=\"elementor-button-icon\">\n\t\t\t\t<i aria-hidden=\"true\" class=\"icon icon-clipboard11\"><\/i>\t\t\t<\/span>\n\t\t\t\t\t\t\t\t\t<span class=\"elementor-button-text\">Click aici daca doriti acest website<\/span>\n\t\t\t\t\t<\/span>\n\t\t\t\t\t<\/a>\n\t\t\t\t<\/div>\n\t\t\t\t\t\t\t\t<\/div>\n\t\t\t\t<\/div>\n\t\t\t\t\t<\/div>\n\t\t\t\t<\/div>\n\t\t\t\t<\/div>\n\t\t","protected":false},"excerpt":{"rendered":"<p>Days Hours Minutes Seconds 17 octombrie 2026 Nunta Carla &amp; \u0218erban Va invitam sa participati la unul dintre cele mai importante evenimente din viata noastra! Carla &amp; \u0218erban Povestea Noastra A fost odat\u0103 ca niciodat\u0103\u2026Exist\u0103 pove\u0219ti care tr\u0103iesc doar \u00een c\u0103r\u021bi. \u0218i exist\u0103 pove\u0219ti care prind via\u021b\u0103.\u00centr-o zi de prim\u0103var\u0103, dou\u0103 destine s-au \u00eent\u00e2lnit \u0219i [&hellip;]<\/p>\n","protected":false},"author":1,"featured_media":0,"parent":0,"menu_order":0,"comment_status":"closed","ping_status":"closed","template":"elementor_header_footer","meta":{"footnotes":""},"class_list":["post-17","page","type-page","status-publish","hentry"],"_links":{"self":[{"href":"https:\/\/carla-si-serban.restaurantmonarh.ro\/index.php\/wp-json\/wp\/v2\/pages\/17","targetHints":{"allow":["GET"]}}],"collection":[{"href":"https:\/\/carla-si-serban.restaurantmonarh.ro\/index.php\/wp-json\/wp\/v2\/pages"}],"about":[{"href":"https:\/\/carla-si-serban.restaurantmonarh.ro\/index.php\/wp-json\/wp\/v2\/types\/page"}],"author":[{"embeddable":true,"href":"https:\/\/carla-si-serban.restaurantmonarh.ro\/index.php\/wp-json\/wp\/v2\/users\/1"}],"replies":[{"embeddable":true,"href":"https:\/\/carla-si-serban.restaurantmonarh.ro\/index.php\/wp-json\/wp\/v2\/comments?post=17"}],"version-history":[{"count":136,"href":"https:\/\/carla-si-serban.restaurantmonarh.ro\/index.php\/wp-json\/wp\/v2\/pages\/17\/revisions"}],"predecessor-version":[{"id":267,"href":"https:\/\/carla-si-serban.restaurantmonarh.ro\/index.php\/wp-json\/wp\/v2\/pages\/17\/revisions\/267"}],"wp:attachment":[{"href":"https:\/\/carla-si-serban.restaurantmonarh.ro\/index.php\/wp-json\/wp\/v2\/media?parent=17"}],"curies":[{"name":"wp","href":"https:\/\/api.w.org\/{rel}","templated":true}]}}